{"id":27,"date":"2021-07-08T17:32:11","date_gmt":"2021-07-08T20:32:11","guid":{"rendered":"https:\/\/qrconsulting.com.br\/?page_id=27"},"modified":"2021-07-12T19:57:26","modified_gmt":"2021-07-12T22:57:26","slug":"blog","status":"publish","type":"page","link":"https:\/\/qrconsulting.com.br\/pt-br\/blog\/","title":{"rendered":"Blog"},"content":{"rendered":"\t\t<div data-elementor-type=\"wp-page\" data-elementor-id=\"27\" class=\"elementor elementor-27\" data-elementor-settings=\"[]\">\n\t\t\t\t\t\t\t<div class=\"elementor-section-wrap\">\n\t\t\t\t\t\t\t<section class=\"elementor-section elementor-top-section elementor-element elementor-element-229508c8 elementor-section-height-min-height elementor-hidden-phone elementor-section-boxed elementor-section-height-default elementor-section-items-middle\" data-id=\"229508c8\" data-element_type=\"section\" data-settings=\"{&quot;background_background&quot;:&quot;classic&quot;}\">\n\t\t\t\t\t\t<div class=\"elementor-container elementor-column-gap-default\">\n\t\t\t\t\t<div class=\"elementor-column elementor-col-100 elementor-top-column elementor-element elementor-element-2e192a19\" data-id=\"2e192a19\" data-element_type=\"column\">\n\t\t\t<div class=\"elementor-widget-wrap elementor-element-populated\">\n\t\t\t\t\t\t\t\t<div class=\"elementor-element elementor-element-1d9166b1 elementor-widget elementor-widget-heading\" data-id=\"1d9166b1\" data-element_type=\"widget\" data-widget_type=\"heading.default\">\n\t\t\t\t<div class=\"elementor-widget-container\">\n\t\t\t<h2 class=\"elementor-heading-title elementor-size-default\">Blog<\/h2>\t\t<\/div>\n\t\t\t\t<\/div>\n\t\t\t\t\t<\/div>\n\t\t<\/div>\n\t\t\t\t\t\t\t<\/div>\n\t\t<\/section>\n\t\t\t\t<section class=\"elementor-section elementor-top-section elementor-element elementor-element-6a50ff90 elementor-section-height-min-height elementor-hidden-desktop elementor-hidden-tablet elementor-section-boxed elementor-section-height-default elementor-section-items-middle\" data-id=\"6a50ff90\" data-element_type=\"section\" data-settings=\"{&quot;background_background&quot;:&quot;classic&quot;}\">\n\t\t\t\t\t\t<div class=\"elementor-container elementor-column-gap-default\">\n\t\t\t\t\t<div class=\"elementor-column elementor-col-100 elementor-top-column elementor-element elementor-element-2aff1ae5\" data-id=\"2aff1ae5\" data-element_type=\"column\">\n\t\t\t<div class=\"elementor-widget-wrap elementor-element-populated\">\n\t\t\t\t\t\t\t\t<div class=\"elementor-element elementor-element-4612ae1b elementor-widget elementor-widget-heading\" data-id=\"4612ae1b\" data-element_type=\"widget\" data-widget_type=\"heading.default\">\n\t\t\t\t<div class=\"elementor-widget-container\">\n\t\t\t<h2 class=\"elementor-heading-title elementor-size-default\">Blog<\/h2>\t\t<\/div>\n\t\t\t\t<\/div>\n\t\t\t\t\t<\/div>\n\t\t<\/div>\n\t\t\t\t\t\t\t<\/div>\n\t\t<\/section>\n\t\t\t\t<section class=\"elementor-section elementor-top-section elementor-element elementor-element-2d66dfcf elementor-section-height-min-height elementor-hidden-tablet elementor-hidden-phone elementor-section-boxed elementor-section-height-default elementor-section-items-middle\" data-id=\"2d66dfcf\" data-element_type=\"section\">\n\t\t\t\t\t\t<div class=\"elementor-container elementor-column-gap-default\">\n\t\t\t\t\t<div class=\"elementor-column elementor-col-100 elementor-top-column elementor-element elementor-element-702fdfd3\" data-id=\"702fdfd3\" data-element_type=\"column\">\n\t\t\t<div class=\"elementor-widget-wrap elementor-element-populated\">\n\t\t\t\t\t\t\t\t<div class=\"elementor-element elementor-element-7af7e7fa elementor-grid-3 elementor-grid-tablet-2 elementor-grid-mobile-1 elementor-posts--thumbnail-top elementor-widget elementor-widget-posts\" data-id=\"7af7e7fa\" data-element_type=\"widget\" data-settings=\"{&quot;classic_masonry&quot;:&quot;yes&quot;,&quot;classic_columns&quot;:&quot;3&quot;,&quot;classic_columns_tablet&quot;:&quot;2&quot;,&quot;classic_columns_mobile&quot;:&quot;1&quot;,&quot;classic_row_gap&quot;:{&quot;unit&quot;:&quot;px&quot;,&quot;size&quot;:35,&quot;sizes&quot;:[]}}\" data-widget_type=\"posts.classic\">\n\t\t\t\t<div class=\"elementor-widget-container\">\n\t\t\t\t\t<div class=\"elementor-posts-container elementor-posts elementor-posts--skin-classic elementor-grid\">\n\t\t\t\t<article class=\"elementor-post elementor-grid-item post-3091 post type-post status-publish format-standard has-post-thumbnail hentry category-noticias\">\n\t\t\t\t<a class=\"elementor-post__thumbnail__link\" href=\"https:\/\/qrconsulting.com.br\/pt-br\/88-das-empresas-do-setor-de-dispositivos-medicos-aumentarao-investimento-neste-ano\/\" >\n\t\t\t<div class=\"elementor-post__thumbnail\"><img loading=\"lazy\" decoding=\"async\" width=\"300\" height=\"194\" src=\"https:\/\/qrconsulting.com.br\/wp-content\/uploads\/2022\/09\/88-das-empresas-do-setor-de-dispositivos-medicos-aumentarao-investimento-neste-ano-noticia-qr-consulting-300x194.jpg\" class=\"attachment-medium size-medium\" alt=\"88% of medical device companies will increase investment this year\" srcset=\"https:\/\/qrconsulting.com.br\/wp-content\/uploads\/2022\/09\/88-das-empresas-do-setor-de-dispositivos-medicos-aumentarao-investimento-neste-ano-noticia-qr-consulting-300x194.jpg 300w, https:\/\/qrconsulting.com.br\/wp-content\/uploads\/2022\/09\/88-das-empresas-do-setor-de-dispositivos-medicos-aumentarao-investimento-neste-ano-noticia-qr-consulting-768x497.jpg 768w, https:\/\/qrconsulting.com.br\/wp-content\/uploads\/2022\/09\/88-das-empresas-do-setor-de-dispositivos-medicos-aumentarao-investimento-neste-ano-noticia-qr-consulting.jpg 866w\" sizes=\"auto, (max-width: 300px) 100vw, 300px\" \/><\/div>\n\t\t<\/a>\n\t\t\t\t<div class=\"elementor-post__text\">\n\t\t\t\t<h3 class=\"elementor-post__title\">\n\t\t\t<a href=\"https:\/\/qrconsulting.com.br\/pt-br\/88-das-empresas-do-setor-de-dispositivos-medicos-aumentarao-investimento-neste-ano\/\" >\n\t\t\t\t88% das empresas do setor de dispositivos m\u00e9dicos aumentar\u00e3o investimento neste ano\t\t\t<\/a>\n\t\t<\/h3>\n\t\t\t\t<div class=\"elementor-post__excerpt\">\n\t\t\t<p> 88% das empresas do setor pretendem aumentar os investimentos neste ano mesmo levando em considera\u00e7\u00e3o o momento do pa\u00eds, os impactos causados pelo conflito na Ucr\u00e2nia e a opera\u00e7\u00e3o padr\u00e3o da Receita Federal e suas consequ\u00eancias sobre os neg\u00f3cios.<\/p>\n\t\t<\/div>\n\t\t\t\t\t<a class=\"elementor-post__read-more\" href=\"https:\/\/qrconsulting.com.br\/pt-br\/88-das-empresas-do-setor-de-dispositivos-medicos-aumentarao-investimento-neste-ano\/\" >\n\t\t\t\tler mais...\t\t\t<\/a>\n\t\t\t\t<\/div>\n\t\t\t\t<\/article>\n\t\t\t\t<article class=\"elementor-post elementor-grid-item post-3089 post type-post status-publish format-standard has-post-thumbnail hentry\">\n\t\t\t\t<a class=\"elementor-post__thumbnail__link\" href=\"https:\/\/qrconsulting.com.br\/pt-br\/empresas-de-dispositivos-medicos-tem-bons-resultados-em-feiras-internacionais\/\" >\n\t\t\t<div class=\"elementor-post__thumbnail\"><img loading=\"lazy\" decoding=\"async\" width=\"300\" height=\"194\" src=\"https:\/\/qrconsulting.com.br\/wp-content\/uploads\/2022\/09\/empresas-de-dispositivos-medicos-tem-bons-resultados-em-feiras-internacionais-noticia-qr-consulting-300x194.jpg\" class=\"attachment-medium size-medium\" alt=\"Medical device companies have good results at international fairs\" srcset=\"https:\/\/qrconsulting.com.br\/wp-content\/uploads\/2022\/09\/empresas-de-dispositivos-medicos-tem-bons-resultados-em-feiras-internacionais-noticia-qr-consulting-300x194.jpg 300w, https:\/\/qrconsulting.com.br\/wp-content\/uploads\/2022\/09\/empresas-de-dispositivos-medicos-tem-bons-resultados-em-feiras-internacionais-noticia-qr-consulting-768x497.jpg 768w, https:\/\/qrconsulting.com.br\/wp-content\/uploads\/2022\/09\/empresas-de-dispositivos-medicos-tem-bons-resultados-em-feiras-internacionais-noticia-qr-consulting.jpg 866w\" sizes=\"auto, (max-width: 300px) 100vw, 300px\" \/><\/div>\n\t\t<\/a>\n\t\t\t\t<div class=\"elementor-post__text\">\n\t\t\t\t<h3 class=\"elementor-post__title\">\n\t\t\t<a href=\"https:\/\/qrconsulting.com.br\/pt-br\/empresas-de-dispositivos-medicos-tem-bons-resultados-em-feiras-internacionais\/\" >\n\t\t\t\tEmpresas de dispositivos m\u00e9dicos t\u00eam bons resultados em feiras internacionais\t\t\t<\/a>\n\t\t<\/h3>\n\t\t\t\t<div class=\"elementor-post__excerpt\">\n\t\t\t<p>As empresas fecharam cerca de US$ 2 milh\u00f5es em contratos, mas esse valor pode chegar a mais de US$ 16 milh\u00f5es com o aprofundamento das negocia\u00e7\u00f5es.<\/p>\n\t\t<\/div>\n\t\t\t\t\t<a class=\"elementor-post__read-more\" href=\"https:\/\/qrconsulting.com.br\/pt-br\/empresas-de-dispositivos-medicos-tem-bons-resultados-em-feiras-internacionais\/\" >\n\t\t\t\tler mais...\t\t\t<\/a>\n\t\t\t\t<\/div>\n\t\t\t\t<\/article>\n\t\t\t\t<article class=\"elementor-post elementor-grid-item post-457 post type-post status-publish format-standard has-post-thumbnail hentry tag-anvisa tag-covid-19 tag-vacinas\">\n\t\t\t\t<a class=\"elementor-post__thumbnail__link\" href=\"https:\/\/qrconsulting.com.br\/pt-br\/vacinacao-contra-covid-19-a-importancia-da-segunda-dose\/\" >\n\t\t\t<div class=\"elementor-post__thumbnail\"><img loading=\"lazy\" decoding=\"async\" width=\"300\" height=\"169\" src=\"https:\/\/qrconsulting.com.br\/wp-content\/uploads\/2021\/07\/vacinacao-contra-covid-19-a-importancia-da-segunda-dose-300x169.jpg\" class=\"attachment-medium size-medium\" alt=\"\" srcset=\"https:\/\/qrconsulting.com.br\/wp-content\/uploads\/2021\/07\/vacinacao-contra-covid-19-a-importancia-da-segunda-dose-300x169.jpg 300w, https:\/\/qrconsulting.com.br\/wp-content\/uploads\/2021\/07\/vacinacao-contra-covid-19-a-importancia-da-segunda-dose-1024x576.jpg 1024w, https:\/\/qrconsulting.com.br\/wp-content\/uploads\/2021\/07\/vacinacao-contra-covid-19-a-importancia-da-segunda-dose-768x432.jpg 768w, https:\/\/qrconsulting.com.br\/wp-content\/uploads\/2021\/07\/vacinacao-contra-covid-19-a-importancia-da-segunda-dose-1536x864.jpg 1536w, https:\/\/qrconsulting.com.br\/wp-content\/uploads\/2021\/07\/vacinacao-contra-covid-19-a-importancia-da-segunda-dose.jpg 1920w\" sizes=\"auto, (max-width: 300px) 100vw, 300px\" \/><\/div>\n\t\t<\/a>\n\t\t\t\t<div class=\"elementor-post__text\">\n\t\t\t\t<h3 class=\"elementor-post__title\">\n\t\t\t<a href=\"https:\/\/qrconsulting.com.br\/pt-br\/vacinacao-contra-covid-19-a-importancia-da-segunda-dose\/\" >\n\t\t\t\tVacina\u00e7\u00e3o contra Covid-19: a import\u00e2ncia da segunda dose\t\t\t<\/a>\n\t\t<\/h3>\n\t\t\t\t<div class=\"elementor-post__excerpt\">\n\t\t\t<p>Sua imuniza\u00e7\u00e3o s\u00f3 estar\u00e1 completa com a dose de refor\u00e7o. Na data marcada, compare\u00e7a ao local de vacina\u00e7\u00e3o.<\/p>\n\t\t<\/div>\n\t\t\t\t\t<a class=\"elementor-post__read-more\" href=\"https:\/\/qrconsulting.com.br\/pt-br\/vacinacao-contra-covid-19-a-importancia-da-segunda-dose\/\" >\n\t\t\t\tler mais...\t\t\t<\/a>\n\t\t\t\t<\/div>\n\t\t\t\t<\/article>\n\t\t\t\t<\/div>\n\t\t\t\t<\/div>\n\t\t\t\t<\/div>\n\t\t\t\t\t<\/div>\n\t\t<\/div>\n\t\t\t\t\t\t\t<\/div>\n\t\t<\/section>\n\t\t\t\t<section class=\"elementor-section elementor-top-section elementor-element elementor-element-2da587c7 elementor-hidden-tablet elementor-hidden-desktop elementor-section-boxed elementor-section-height-default elementor-section-height-default\" data-id=\"2da587c7\" data-element_type=\"section\">\n\t\t\t\t\t\t<div class=\"elementor-container elementor-column-gap-default\">\n\t\t\t\t\t<div class=\"elementor-column elementor-col-100 elementor-top-column elementor-element elementor-element-c7b333c\" data-id=\"c7b333c\" data-element_type=\"column\">\n\t\t\t<div class=\"elementor-widget-wrap elementor-element-populated\">\n\t\t\t\t\t\t\t\t<div class=\"elementor-element elementor-element-5a9e32b4 elementor-grid-3 elementor-grid-tablet-2 elementor-grid-mobile-1 elementor-posts--thumbnail-top elementor-widget elementor-widget-posts\" data-id=\"5a9e32b4\" data-element_type=\"widget\" data-settings=\"{&quot;classic_masonry&quot;:&quot;yes&quot;,&quot;classic_columns&quot;:&quot;3&quot;,&quot;classic_columns_tablet&quot;:&quot;2&quot;,&quot;classic_columns_mobile&quot;:&quot;1&quot;,&quot;classic_row_gap&quot;:{&quot;unit&quot;:&quot;px&quot;,&quot;size&quot;:35,&quot;sizes&quot;:[]}}\" data-widget_type=\"posts.classic\">\n\t\t\t\t<div class=\"elementor-widget-container\">\n\t\t\t\t\t<div class=\"elementor-posts-container elementor-posts elementor-posts--skin-classic elementor-grid\">\n\t\t\t\t<article class=\"elementor-post elementor-grid-item post-3091 post type-post status-publish format-standard has-post-thumbnail hentry category-noticias\">\n\t\t\t\t<a class=\"elementor-post__thumbnail__link\" href=\"https:\/\/qrconsulting.com.br\/pt-br\/88-das-empresas-do-setor-de-dispositivos-medicos-aumentarao-investimento-neste-ano\/\" >\n\t\t\t<div class=\"elementor-post__thumbnail\"><img loading=\"lazy\" decoding=\"async\" width=\"300\" height=\"194\" src=\"https:\/\/qrconsulting.com.br\/wp-content\/uploads\/2022\/09\/88-das-empresas-do-setor-de-dispositivos-medicos-aumentarao-investimento-neste-ano-noticia-qr-consulting-300x194.jpg\" class=\"attachment-medium size-medium\" alt=\"88% of medical device companies will increase investment this year\" srcset=\"https:\/\/qrconsulting.com.br\/wp-content\/uploads\/2022\/09\/88-das-empresas-do-setor-de-dispositivos-medicos-aumentarao-investimento-neste-ano-noticia-qr-consulting-300x194.jpg 300w, https:\/\/qrconsulting.com.br\/wp-content\/uploads\/2022\/09\/88-das-empresas-do-setor-de-dispositivos-medicos-aumentarao-investimento-neste-ano-noticia-qr-consulting-768x497.jpg 768w, https:\/\/qrconsulting.com.br\/wp-content\/uploads\/2022\/09\/88-das-empresas-do-setor-de-dispositivos-medicos-aumentarao-investimento-neste-ano-noticia-qr-consulting.jpg 866w\" sizes=\"auto, (max-width: 300px) 100vw, 300px\" \/><\/div>\n\t\t<\/a>\n\t\t\t\t<div class=\"elementor-post__text\">\n\t\t\t\t<h3 class=\"elementor-post__title\">\n\t\t\t<a href=\"https:\/\/qrconsulting.com.br\/pt-br\/88-das-empresas-do-setor-de-dispositivos-medicos-aumentarao-investimento-neste-ano\/\" >\n\t\t\t\t88% das empresas do setor de dispositivos m\u00e9dicos aumentar\u00e3o investimento neste ano\t\t\t<\/a>\n\t\t<\/h3>\n\t\t\t\t<div class=\"elementor-post__excerpt\">\n\t\t\t<p> 88% das empresas do setor pretendem aumentar os investimentos neste ano mesmo levando em considera\u00e7\u00e3o o momento do pa\u00eds, os impactos causados pelo conflito na Ucr\u00e2nia e a opera\u00e7\u00e3o padr\u00e3o da Receita Federal e suas consequ\u00eancias sobre os neg\u00f3cios.<\/p>\n\t\t<\/div>\n\t\t\t\t\t<a class=\"elementor-post__read-more\" href=\"https:\/\/qrconsulting.com.br\/pt-br\/88-das-empresas-do-setor-de-dispositivos-medicos-aumentarao-investimento-neste-ano\/\" >\n\t\t\t\tler mais...\t\t\t<\/a>\n\t\t\t\t<\/div>\n\t\t\t\t<\/article>\n\t\t\t\t<article class=\"elementor-post elementor-grid-item post-3089 post type-post status-publish format-standard has-post-thumbnail hentry\">\n\t\t\t\t<a class=\"elementor-post__thumbnail__link\" href=\"https:\/\/qrconsulting.com.br\/pt-br\/empresas-de-dispositivos-medicos-tem-bons-resultados-em-feiras-internacionais\/\" >\n\t\t\t<div class=\"elementor-post__thumbnail\"><img loading=\"lazy\" decoding=\"async\" width=\"300\" height=\"194\" src=\"https:\/\/qrconsulting.com.br\/wp-content\/uploads\/2022\/09\/empresas-de-dispositivos-medicos-tem-bons-resultados-em-feiras-internacionais-noticia-qr-consulting-300x194.jpg\" class=\"attachment-medium size-medium\" alt=\"Medical device companies have good results at international fairs\" srcset=\"https:\/\/qrconsulting.com.br\/wp-content\/uploads\/2022\/09\/empresas-de-dispositivos-medicos-tem-bons-resultados-em-feiras-internacionais-noticia-qr-consulting-300x194.jpg 300w, https:\/\/qrconsulting.com.br\/wp-content\/uploads\/2022\/09\/empresas-de-dispositivos-medicos-tem-bons-resultados-em-feiras-internacionais-noticia-qr-consulting-768x497.jpg 768w, https:\/\/qrconsulting.com.br\/wp-content\/uploads\/2022\/09\/empresas-de-dispositivos-medicos-tem-bons-resultados-em-feiras-internacionais-noticia-qr-consulting.jpg 866w\" sizes=\"auto, (max-width: 300px) 100vw, 300px\" \/><\/div>\n\t\t<\/a>\n\t\t\t\t<div class=\"elementor-post__text\">\n\t\t\t\t<h3 class=\"elementor-post__title\">\n\t\t\t<a href=\"https:\/\/qrconsulting.com.br\/pt-br\/empresas-de-dispositivos-medicos-tem-bons-resultados-em-feiras-internacionais\/\" >\n\t\t\t\tEmpresas de dispositivos m\u00e9dicos t\u00eam bons resultados em feiras internacionais\t\t\t<\/a>\n\t\t<\/h3>\n\t\t\t\t<div class=\"elementor-post__excerpt\">\n\t\t\t<p>As empresas fecharam cerca de US$ 2 milh\u00f5es em contratos, mas esse valor pode chegar a mais de US$ 16 milh\u00f5es com o aprofundamento das negocia\u00e7\u00f5es.<\/p>\n\t\t<\/div>\n\t\t\t\t\t<a class=\"elementor-post__read-more\" href=\"https:\/\/qrconsulting.com.br\/pt-br\/empresas-de-dispositivos-medicos-tem-bons-resultados-em-feiras-internacionais\/\" >\n\t\t\t\tler mais...\t\t\t<\/a>\n\t\t\t\t<\/div>\n\t\t\t\t<\/article>\n\t\t\t\t<article class=\"elementor-post elementor-grid-item post-457 post type-post status-publish format-standard has-post-thumbnail hentry tag-anvisa tag-covid-19 tag-vacinas\">\n\t\t\t\t<a class=\"elementor-post__thumbnail__link\" href=\"https:\/\/qrconsulting.com.br\/pt-br\/vacinacao-contra-covid-19-a-importancia-da-segunda-dose\/\" >\n\t\t\t<div class=\"elementor-post__thumbnail\"><img loading=\"lazy\" decoding=\"async\" width=\"300\" height=\"169\" src=\"https:\/\/qrconsulting.com.br\/wp-content\/uploads\/2021\/07\/vacinacao-contra-covid-19-a-importancia-da-segunda-dose-300x169.jpg\" class=\"attachment-medium size-medium\" alt=\"\" srcset=\"https:\/\/qrconsulting.com.br\/wp-content\/uploads\/2021\/07\/vacinacao-contra-covid-19-a-importancia-da-segunda-dose-300x169.jpg 300w, https:\/\/qrconsulting.com.br\/wp-content\/uploads\/2021\/07\/vacinacao-contra-covid-19-a-importancia-da-segunda-dose-1024x576.jpg 1024w, https:\/\/qrconsulting.com.br\/wp-content\/uploads\/2021\/07\/vacinacao-contra-covid-19-a-importancia-da-segunda-dose-768x432.jpg 768w, https:\/\/qrconsulting.com.br\/wp-content\/uploads\/2021\/07\/vacinacao-contra-covid-19-a-importancia-da-segunda-dose-1536x864.jpg 1536w, https:\/\/qrconsulting.com.br\/wp-content\/uploads\/2021\/07\/vacinacao-contra-covid-19-a-importancia-da-segunda-dose.jpg 1920w\" sizes=\"auto, (max-width: 300px) 100vw, 300px\" \/><\/div>\n\t\t<\/a>\n\t\t\t\t<div class=\"elementor-post__text\">\n\t\t\t\t<h3 class=\"elementor-post__title\">\n\t\t\t<a href=\"https:\/\/qrconsulting.com.br\/pt-br\/vacinacao-contra-covid-19-a-importancia-da-segunda-dose\/\" >\n\t\t\t\tVacina\u00e7\u00e3o contra Covid-19: a import\u00e2ncia da segunda dose\t\t\t<\/a>\n\t\t<\/h3>\n\t\t\t\t<div class=\"elementor-post__excerpt\">\n\t\t\t<p>Sua imuniza\u00e7\u00e3o s\u00f3 estar\u00e1 completa com a dose de refor\u00e7o. Na data marcada, compare\u00e7a ao local de vacina\u00e7\u00e3o.<\/p>\n\t\t<\/div>\n\t\t\t\t\t<a class=\"elementor-post__read-more\" href=\"https:\/\/qrconsulting.com.br\/pt-br\/vacinacao-contra-covid-19-a-importancia-da-segunda-dose\/\" >\n\t\t\t\tler mais...\t\t\t<\/a>\n\t\t\t\t<\/div>\n\t\t\t\t<\/article>\n\t\t\t\t<\/div>\n\t\t\t\t<\/div>\n\t\t\t\t<\/div>\n\t\t\t\t\t<\/div>\n\t\t<\/div>\n\t\t\t\t\t\t\t<\/div>\n\t\t<\/section>\n\t\t\t\t\t\t<\/div>\n\t\t\t\t\t<\/div>\n\t\t","protected":false},"excerpt":{"rendered":"<p>Blog Blog<\/p>\n","protected":false},"author":4,"featured_media":0,"parent":0,"menu_order":0,"comment_status":"closed","ping_status":"closed","template":"","meta":{"footnotes":""},"class_list":["post-27","page","type-page","status-publish","hentry"],"_links":{"self":[{"href":"https:\/\/qrconsulting.com.br\/pt-br\/wp-json\/wp\/v2\/pages\/27","targetHints":{"allow":["GET"]}}],"collection":[{"href":"https:\/\/qrconsulting.com.br\/pt-br\/wp-json\/wp\/v2\/pages"}],"about":[{"href":"https:\/\/qrconsulting.com.br\/pt-br\/wp-json\/wp\/v2\/types\/page"}],"author":[{"embeddable":true,"href":"https:\/\/qrconsulting.com.br\/pt-br\/wp-json\/wp\/v2\/users\/4"}],"replies":[{"embeddable":true,"href":"https:\/\/qrconsulting.com.br\/pt-br\/wp-json\/wp\/v2\/comments?post=27"}],"version-history":[{"count":10,"href":"https:\/\/qrconsulting.com.br\/pt-br\/wp-json\/wp\/v2\/pages\/27\/revisions"}],"predecessor-version":[{"id":207,"href":"https:\/\/qrconsulting.com.br\/pt-br\/wp-json\/wp\/v2\/pages\/27\/revisions\/207"}],"wp:attachment":[{"href":"https:\/\/qrconsulting.com.br\/pt-br\/wp-json\/wp\/v2\/media?parent=27"}],"curies":[{"name":"wp","href":"https:\/\/api.w.org\/{rel}","templated":true}]}}